{"id":12924,"date":"2017-10-13T12:29:37","date_gmt":"2017-10-13T12:29:37","guid":{"rendered":"http:\/\/norebro.colabr.io\/demo29\/?page_id=12924"},"modified":"2026-04-09T20:10:08","modified_gmt":"2026-04-09T20:10:08","slug":"zur-person","status":"publish","type":"page","link":"https:\/\/christian-ruckdeschel.de\/index.php\/zur-person\/","title":{"rendered":"Zur Person"},"content":{"rendered":"<div class=\"wpb-content-wrapper\">[vc_row full_width=&#8220;stretch_row&#8220;][vc_column width=&#8220;1\/3&#8243;][vc_empty_space height=&#8220;15px&#8220;][vc_empty_space height=&#8220;15px&#8220;][vc_empty_space height=&#8220;15px&#8220;][vc_empty_space height=&#8220;15px&#8220;][vc_single_image image=&#8220;13112&#8243; img_size=&#8220;full&#8220; css=&#8220;&#8220;]<div class=\"norebro-heading-sc heading text-left\"\n\tid=\"norebro-custom-69e788159375c\" \n\t \n\t>\n\t\n\t\n\t\n\t<h3 class=\"title\">\n\t\tChristian Ruckdeschel <br\/>\nBildhauer \u00b7 Freischaffender K\u00fcnstler\t<\/h3>\n\n\t\n\t\t\n<\/div>[vc_empty_space height=&#8220;10px&#8220;][vc_empty_space height=&#8220;10px&#8220;][\/vc_column][vc_column width=&#8220;1\/3&#8243;][vc_empty_space height=&#8220;15px&#8220;][vc_empty_space height=&#8220;15px&#8220;][vc_empty_space height=&#8220;15px&#8220;][vc_empty_space height=&#8220;15px&#8220;]<div class=\"norebro-heading-sc heading text-left\"\n\tid=\"norebro-custom-69e78815938c2\" \n\t \n\t>\n\t\n\t\n\t\n\t<h3 class=\"title\">\n\t\tAusstellungen\t<\/h3>\n\n\t\n\t\t\t<p class=\"subtitle\">\n\t\t\t(Auswahl)\t\t<\/p>\n\t\t\n<\/div>[vc_empty_space height=&#8220;15px&#8220;]<div class=\"norebro-banner-box-sc banner-box\"\n\tid=\"norebro-custom-69e7881593c4d\"\n\t\t>\n\n\t\t\t<div class=\"image-wrap\">\n\t\t\t<img decoding=\"async\" src=\"https:\/\/christian-ruckdeschel.de\/wp-content\/uploads\/2026\/03\/konstrukt-3-18-scaled-e1774815084815.jpg\" alt=\"Kommend und aktuell\">\n\t\t\t<div class=\"overlay default\">\n\t\t\t\t\t\t\t<\/div>\n\t\t<\/div>\n\t\t<div class=\"content\">\n\n\t\t\t<div class=\"title-wrap\">\n\t\t\t\t\t\t\t\t<h4>Kommend und aktuell<\/h4>\n\t\t\t\t\t\t\t\t\t<p class=\"subtitle\">\n\t\t\t\t\t\t2026\t\t\t\t\t<\/p>\n\t\t\t\t\t\t\t<\/div>\n\n\t\t\t<div class=\"description-wrap\">\n\t\t\t\t<p class=\"description\">\"On Tour\" \nKunsthaus R3 in Ansbach u. Residenz Hilpoltstein<\/p>\n\n\t\t\t\t\t\t\t<\/div>\n\n\t\t<\/div>\n\t\n<\/div>\n[vc_empty_space height=&#8220;15px&#8220;]<div class=\"norebro-timeline-sc timeline\">\n\n\t<div class=\"content\" id=\"norebro-custom-69e7881593e5b\">\n\t<div class=\"wrap hidden\" data-norebro-scroll-anim=\"hidden\">\n\t\t\n\t\t<h3 class=\"title\">2025<\/h3>\n\t\t\n\t\t<p class=\"subtitle\"><\/p>\n\t\t<p class=\"description\">Ortung 14 Schwabach<\/p>\n\t\t\n\t\t\n\t<\/div>\n<\/div><div class=\"content\" id=\"norebro-custom-69e7881593f14\">\n\t<div class=\"wrap hidden\" data-norebro-scroll-anim=\"hidden\">\n\t\t\n\t\t<h3 class=\"title\"><\/h3>\n\t\t\n\t\t<p class=\"subtitle\"><\/p>\n\t\t<p class=\"description\">10.Art Weekend N\u00fcrnberg<\/p>\n\t\t\n\t\t\n\t<\/div>\n<\/div><div class=\"content\" id=\"norebro-custom-69e7881593fa8\">\n\t<div class=\"wrap hidden\" data-norebro-scroll-anim=\"hidden\">\n\t\t\n\t\t<h3 class=\"title\"><\/h3>\n\t\t\n\t\t<p class=\"subtitle\"><\/p>\n\t\t<p class=\"description\">Skulpturenpark Stadt G\u00fcnzburg<\/p>\n\t\t\n\t\t\n\t<\/div>\n<\/div>\n<\/div>[vc_empty_space]<div class=\"norebro-timeline-sc timeline\">\n\n\t<div class=\"content\" id=\"norebro-custom-69e7881594093\">\n\t<div class=\"wrap hidden\" data-norebro-scroll-anim=\"hidden\">\n\t\t\n\t\t<h3 class=\"title\">2024<\/h3>\n\t\t\n\t\t<p class=\"subtitle\"><\/p>\n\t\t<p class=\"description\">Auf den Weg gebracht, Kunstvilla N\u00fcrnberg<\/p>\n\t\t\n\t\t\n\t<\/div>\n<\/div><div class=\"content\" id=\"norebro-custom-69e7881594127\">\n\t<div class=\"wrap hidden\" data-norebro-scroll-anim=\"hidden\">\n\t\t\n\t\t<h3 class=\"title\"><\/h3>\n\t\t\n\t\t<p class=\"subtitle\"><\/p>\n\t\t<p class=\"description\">``pinball wiszard``, Kunst am Bau, Regensburger Viertel, N\u00fcrnberg<\/p>\n\t\t\n\t\t\n\t<\/div>\n<\/div><div class=\"content\" id=\"norebro-custom-69e78815941b6\">\n\t<div class=\"wrap hidden\" data-norebro-scroll-anim=\"hidden\">\n\t\t\n\t\t<h3 class=\"title\"><\/h3>\n\t\t\n\t\t<p class=\"subtitle\"><\/p>\n\t\t<p class=\"description\">Stone, Carving, Construction, Stonesculpture Festival, Hui`an, Fujian, China<\/p>\n\t\t\n\t\t\n\t<\/div>\n<\/div>\n<\/div>[vc_empty_space]<div class=\"norebro-timeline-sc timeline\">\n\n\t<div class=\"content\" id=\"norebro-custom-69e7881594297\">\n\t<div class=\"wrap hidden\" data-norebro-scroll-anim=\"hidden\">\n\t\t\n\t\t<h3 class=\"title\">2023<\/h3>\n\t\t\n\t\t<p class=\"subtitle\"><\/p>\n\t\t<p class=\"description\">Ausstellung zum Kunstpreis der Stadt G\u00fcnzburg<\/p>\n\t\t\n\t\t\n\t<\/div>\n<\/div>\n<\/div>[vc_empty_space]<div class=\"norebro-timeline-sc timeline\">\n\n\t<div class=\"content\" id=\"norebro-custom-69e788159438e\">\n\t<div class=\"wrap hidden\" data-norebro-scroll-anim=\"hidden\">\n\t\t\n\t\t<h3 class=\"title\">2022<\/h3>\n\t\t\n\t\t<p class=\"subtitle\"><\/p>\n\t\t<p class=\"description\">Voids &amp; Limitations, Ausstellung und Buchpr\u00e4sentation, Residenz, Neumarkt i. d. Oberpfalz<\/p>\n\t\t\n\t\t\n\t<\/div>\n<\/div><div class=\"content\" id=\"norebro-custom-69e7881594420\">\n\t<div class=\"wrap hidden\" data-norebro-scroll-anim=\"hidden\">\n\t\t\n\t\t<h3 class=\"title\"><\/h3>\n\t\t\n\t\t<p class=\"subtitle\"><\/p>\n\t\t<p class=\"description\">Material as Matter, Kunstmuseum Erlangen<\/p>\n\t\t\n\t\t\n\t<\/div>\n<\/div><div class=\"content\" id=\"norebro-custom-69e78815944ae\">\n\t<div class=\"wrap hidden\" data-norebro-scroll-anim=\"hidden\">\n\t\t\n\t\t<h3 class=\"title\"><\/h3>\n\t\t\n\t\t<p class=\"subtitle\"><\/p>\n\t\t<p class=\"description\">Internationales Bildhauersymposium, FH Dresden<\/p>\n\t\t\n\t\t\n\t<\/div>\n<\/div>\n<\/div>[vc_single_image image=&#8220;13160&#8243; img_size=&#8220;medium&#8220; css=&#8220;&#8220;][vc_empty_space]<div class=\"norebro-timeline-sc timeline\">\n\n\t<div class=\"content\" id=\"norebro-custom-69e788159458c\">\n\t<div class=\"wrap hidden\" data-norebro-scroll-anim=\"hidden\">\n\t\t\n\t\t<h3 class=\"title\">2021<\/h3>\n\t\t\n\t\t<p class=\"subtitle\"><\/p>\n\t\t<p class=\"description\">Voids &amp; Limitations, Ausstellung und Buchpr\u00e4sentation, Galerie mit der Blauen T\u00fcr, N\u00fcrnberg<\/p>\n\t\t\n\t\t\n\t<\/div>\n<\/div>\n<\/div>[vc_empty_space]<div class=\"norebro-timeline-sc timeline\">\n\n\t<div class=\"content\" id=\"norebro-custom-69e788159466b\">\n\t<div class=\"wrap hidden\" data-norebro-scroll-anim=\"hidden\">\n\t\t\n\t\t<h3 class=\"title\">2019<\/h3>\n\t\t\n\t\t<p class=\"subtitle\"><\/p>\n\t\t<p class=\"description\">Invited by\u2026, Part 1, Galerie Robert Drees, Hannover<\/p>\n\t\t\n\t\t\n\t<\/div>\n<\/div>\n<\/div>[vc_empty_space]<div class=\"norebro-timeline-sc timeline\">\n\n\t<div class=\"content\" id=\"norebro-custom-69e788159474a\">\n\t<div class=\"wrap hidden\" data-norebro-scroll-anim=\"hidden\">\n\t\t\n\t\t<h3 class=\"title\">2018<\/h3>\n\t\t\n\t\t<p class=\"subtitle\"><\/p>\n\t\t<p class=\"description\">Insight, internationale Kunstausstellung, Shenzen, China<\/p>\n\t\t\n\t\t\n\t<\/div>\n<\/div>\n<\/div>[vc_empty_space]<div class=\"norebro-timeline-sc timeline\">\n\n\t<div class=\"content\" id=\"norebro-custom-69e7881594830\">\n\t<div class=\"wrap hidden\" data-norebro-scroll-anim=\"hidden\">\n\t\t\n\t\t<h3 class=\"title\">2016<\/h3>\n\t\t\n\t\t<p class=\"subtitle\"><\/p>\n\t\t<p class=\"description\">Kunst &amp; Kultur am Dachsberg, Einzelausstellung<\/p>\n\t\t\n\t\t\n\t<\/div>\n<\/div>\n<\/div>[vc_empty_space]<div class=\"norebro-timeline-sc timeline\">\n\n\t<div class=\"content\" id=\"norebro-custom-69e788159490f\">\n\t<div class=\"wrap hidden\" data-norebro-scroll-anim=\"hidden\">\n\t\t\n\t\t<h3 class=\"title\">2015<\/h3>\n\t\t\n\t\t<p class=\"subtitle\"><\/p>\n\t\t<p class=\"description\">Galerie J\u00fcrgensen, Oetjendorf\/Hamburg<\/p>\n\t\t\n\t\t\n\t<\/div>\n<\/div>\n<\/div>[vc_empty_space]<div class=\"norebro-timeline-sc timeline\">\n\n\t<div class=\"content\" id=\"norebro-custom-69e78815949ec\">\n\t<div class=\"wrap hidden\" data-norebro-scroll-anim=\"hidden\">\n\t\t\n\t\t<h3 class=\"title\">2012<\/h3>\n\t\t\n\t\t<p class=\"subtitle\"><\/p>\n\t\t<p class=\"description\">ArtWeek Hamburg<\/p>\n\t\t\n\t\t\n\t<\/div>\n<\/div>\n<\/div>[vc_empty_space]<div class=\"norebro-timeline-sc timeline\">\n\n\t<div class=\"content\" id=\"norebro-custom-69e7881594ac8\">\n\t<div class=\"wrap hidden\" data-norebro-scroll-anim=\"hidden\">\n\t\t\n\t\t<h3 class=\"title\">2010<\/h3>\n\t\t\n\t\t<p class=\"subtitle\"><\/p>\n\t\t<p class=\"description\">Miejsce Naznaczone, Krakau, Polen<\/p>\n\t\t\n\t\t\n\t<\/div>\n<\/div>\n<\/div>[vc_empty_space]<div class=\"norebro-timeline-sc timeline\">\n\n\t<div class=\"content\" id=\"norebro-custom-69e7881594ba5\">\n\t<div class=\"wrap hidden\" data-norebro-scroll-anim=\"hidden\">\n\t\t\n\t\t<h3 class=\"title\">2009<\/h3>\n\t\t\n\t\t<p class=\"subtitle\"><\/p>\n\t\t<p class=\"description\">Blurring Boundaries, Akademie der Bildenden K\u00fcnste N\u00fcrnberg<\/p>\n\t\t\n\t\t\n\t<\/div>\n<\/div>\n<\/div>[vc_empty_space]<div class=\"norebro-timeline-sc timeline\">\n\n\t<div class=\"content\" id=\"norebro-custom-69e7881594c85\">\n\t<div class=\"wrap hidden\" data-norebro-scroll-anim=\"hidden\">\n\t\t\n\t\t<h3 class=\"title\">2008<\/h3>\n\t\t\n\t\t<p class=\"subtitle\"><\/p>\n\t\t<p class=\"description\">Darmst\u00e4dter Sezession<\/p>\n\t\t\n\t\t\n\t<\/div>\n<\/div>\n<\/div>[vc_empty_space]<div class=\"norebro-timeline-sc timeline\">\n\n\t<div class=\"content\" id=\"norebro-custom-69e7881594d61\">\n\t<div class=\"wrap hidden\" data-norebro-scroll-anim=\"hidden\">\n\t\t\n\t\t<h3 class=\"title\">2007<\/h3>\n\t\t\n\t\t<p class=\"subtitle\"><\/p>\n\t\t<p class=\"description\">Steinsinfonie, St\u00e5laker, Larvik, Norwegen<\/p>\n\t\t\n\t\t\n\t<\/div>\n<\/div>\n<\/div>[vc_empty_space]<div class=\"norebro-timeline-sc timeline\">\n\n\t<div class=\"content\" id=\"norebro-custom-69e7881594e40\">\n\t<div class=\"wrap hidden\" data-norebro-scroll-anim=\"hidden\">\n\t\t\n\t\t<h3 class=\"title\">2006<\/h3>\n\t\t\n\t\t<p class=\"subtitle\"><\/p>\n\t\t<p class=\"description\">Khora 2, Bildhauersymposium, Tiergarten N\u00fcrnberg und Akademie der Bildenden K\u00fcnste N\u00fcrnberg<\/p>\n\t\t\n\t\t\n\t<\/div>\n<\/div>\n<\/div><div class=\"norebro-timeline-sc timeline\">\n\n\t<div class=\"content\" id=\"norebro-custom-69e7881594f1c\">\n\t<div class=\"wrap hidden\" data-norebro-scroll-anim=\"hidden\">\n\t\t\n\t\t<h3 class=\"title\">2005<\/h3>\n\t\t\n\t\t<p class=\"subtitle\"><\/p>\n\t\t<p class=\"description\">Khora 1, Bildhauersymposium, Hiroshima City University, Japan<\/p>\n\t\t\n\t\t\n\t<\/div>\n<\/div>\n<\/div>[\/vc_column][vc_column width=&#8220;1\/3&#8243; css=&#8220;.vc_custom_1502460144933{padding-top: 0px !important;}&#8220;][vc_empty_space height=&#8220;15px&#8220;][vc_empty_space height=&#8220;15px&#8220;][vc_empty_space height=&#8220;15px&#8220;][vc_empty_space height=&#8220;15px&#8220;]<div class=\"norebro-heading-sc heading text-left\"\n\tid=\"norebro-custom-69e7881594fb9\" \n\t \n\t>\n\t\n\t\n\t\n\t<h3 class=\"title\">\n\t\tVita\t<\/h3>\n\n\t\n\t\t\n<\/div>[vc_empty_space height=&#8220;10px&#8220;]<div class=\"norebro-heading-sc heading text-left\"\n\tid=\"norebro-custom-69e788159509b\" \n\t \n\t>\n\t\n\t\n\t\n\t<h4 class=\"title\">\n\t\tSeit 2006\t<\/h4>\n\n\t\n\t\t\t<p class=\"subtitle\">\n\t\t\tLehrbeauftragter f\u00fcr Steinbildhauerei an der Akademie der Bildenden K\u00fcnste in N\u00fcrnberg\t\t<\/p>\n\t\t\n<\/div>[vc_empty_space]<div class=\"norebro-heading-sc heading text-left\"\n\tid=\"norebro-custom-69e7881595171\" \n\t \n\t>\n\t\n\t\n\t\n\t<h4 class=\"title\">\n\t\tSeit 2006\t<\/h4>\n\n\t\n\t\t\t<p class=\"subtitle\">\n\t\t\tFreischaffend t\u00e4tig in N\u00fcrnberg und Hamburg (2010 bis 2012)\t\t<\/p>\n\t\t\n<\/div>[vc_empty_space]<div class=\"norebro-heading-sc heading text-left\"\n\tid=\"norebro-custom-69e788159523f\" \n\t \n\t>\n\t\n\t\n\t\n\t<h4 class=\"title\">\n\t\t2002\t<\/h4>\n\n\t\n\t\t\t<p class=\"subtitle\">\n\t\t\tErnennung zum Meistersch\u00fcler\t\t<\/p>\n\t\t\n<\/div>[vc_empty_space]<div class=\"norebro-heading-sc heading text-left\"\n\tid=\"norebro-custom-69e7881595325\" \n\t \n\t>\n\t\n\t\n\t\n\t<h4 class=\"title\">\n\t\t2000 bis 2006\t<\/h4>\n\n\t\n\t\t\t<p class=\"subtitle\">\n\t\t\tStudium der Bildhauerei an der Akademie der Bildenden K\u00fcnste in N\u00fcrnberg bei Prof. Tim Scott und Prof. Claus Bury\t\t<\/p>\n\t\t\n<\/div>[vc_empty_space]<div class=\"norebro-heading-sc heading text-left\"\n\tid=\"norebro-custom-69e78815953f9\" \n\t \n\t>\n\t\n\t\n\t\n\t<h4 class=\"title\">\n\t\t1995 bis 2000\t<\/h4>\n\n\t\n\t\t\t<p class=\"subtitle\">\n\t\t\tGesellent\u00e4tigkeit als Steinmetz\/ Steinbildhauer\t\t<\/p>\n\t\t\n<\/div>[vc_empty_space]<div class=\"norebro-heading-sc heading text-left\"\n\tid=\"norebro-custom-69e78815954c3\" \n\t \n\t>\n\t\n\t\n\t\n\t<h4 class=\"title\">\n\t\t1995\t<\/h4>\n\n\t\n\t\t\t<p class=\"subtitle\">\n\t\t\tStudium der Geologie\/ Pal\u00e4ontologie an der Friedrich-Alexander-Universit\u00e4t Erlangen\/ N\u00fcrnberg\t\t<\/p>\n\t\t\n<\/div>[vc_empty_space]<div class=\"norebro-heading-sc heading text-left\"\n\tid=\"norebro-custom-69e788159558f\" \n\t \n\t>\n\t\n\t\n\t\n\t<h4 class=\"title\">\n\t\t1991 bis 1994\t<\/h4>\n\n\t\n\t\t\t<p class=\"subtitle\">\n\t\t\tAusbildung zum Steinmetz\/ Steinbildhauer\t\t<\/p>\n\t\t\n<\/div>[vc_empty_space]<div class=\"norebro-heading-sc heading text-left\"\n\tid=\"norebro-custom-69e7881595657\" \n\t \n\t>\n\t\n\t\n\t\n\t<h4 class=\"title\">\n\t\t1970\t<\/h4>\n\n\t\n\t\t\t<p class=\"subtitle\">\n\t\t\tGeboren in Weidenberg\/ Fichtelgebirge\t\t<\/p>\n\t\t\n<\/div>[\/vc_column][\/vc_row][vc_row full_width=&#8220;stretch_row&#8220;][vc_column][vc_empty_space height=&#8220;90px&#8220; el_class=&#8220;norebro-phone-space&#8220;][\/vc_column][\/vc_row][vc_row full_width=&#8220;stretch_row&#8220; css=&#8220;.vc_custom_1502804202666{background-color: #f9f9f9 !important;}&#8220;][vc_column][vc_empty_space height=&#8220;90px&#8220; el_class=&#8220;norebro-phone-space&#8220;][vc_empty_space height=&#8220;90px&#8220; el_class=&#8220;norebro-phone-space&#8220;][\/vc_column][\/vc_row]\n<\/div>","protected":false},"excerpt":{"rendered":"<p>[vc_row full_width=&#8220;stretch_row&#8220;][vc_column width=&#8220;1\/3&#8243;][vc_empty_space height=&#8220;15px&#8220;][vc_empty_space height=&#8220;15px&#8220;][vc_empty_space height=&#8220;15px&#8220;][vc_empty_space height=&#8220;15px&#8220;][vc_single_image image=&#8220;13112&#8243; img_size=&#8220;full&#8220; css=&#8220;&#8220;][vc_empty_space height=&#8220;10px&#8220;][vc_empty_space height=&#8220;10px&#8220;][\/vc_column][vc_column width=&#8220;1\/3&#8243;][vc_empty_space height=&#8220;15px&#8220;][vc_empty_space&#8230;<\/p>\n","protected":false},"author":1,"featured_media":0,"parent":0,"menu_order":0,"comment_status":"closed","ping_status":"closed","template":"","meta":{"_acf_changed":false,"footnotes":""},"class_list":["post-12924","page","type-page","status-publish","hentry"],"acf":[],"yoast_head":"<!-- This site is optimized with the Yoast SEO plugin v27.4 - https:\/\/yoast.com\/product\/yoast-seo-wordpress\/ -->\n<title>Zur Person - christian-ruckdeschel.de<\/title>\n<meta name=\"description\" content=\"Christian Ruckdeschel ist Bildhauer in Stein, Steinmetz, Maler, freischaffender K\u00fcnstler und Lehrbeauftragter f\u00fcr Steinbildhauerei an der Akademie der Bildenden K\u00fcnste N\u00fcrnberg\" \/>\n<meta name=\"robots\" content=\"index, follow, max-snippet:-1, max-image-preview:large, max-video-preview:-1\" \/>\n<link rel=\"canonical\" href=\"https:\/\/christian-ruckdeschel.de\/index.php\/zur-person\/\" \/>\n<meta property=\"og:locale\" content=\"de_DE\" \/>\n<meta property=\"og:type\" content=\"article\" \/>\n<meta property=\"og:title\" content=\"Zur Person - christian-ruckdeschel.de\" \/>\n<meta property=\"og:description\" content=\"Christian Ruckdeschel ist Bildhauer in Stein, Steinmetz, Maler, freischaffender K\u00fcnstler und Lehrbeauftragter f\u00fcr Steinbildhauerei an der Akademie der Bildenden K\u00fcnste N\u00fcrnberg\" \/>\n<meta property=\"og:url\" content=\"https:\/\/christian-ruckdeschel.de\/index.php\/zur-person\/\" \/>\n<meta property=\"og:site_name\" content=\"christian-ruckdeschel.de\" \/>\n<meta property=\"article:modified_time\" content=\"2026-04-09T20:10:08+00:00\" \/>\n<meta name=\"twitter:card\" content=\"summary_large_image\" \/>\n<meta name=\"twitter:label1\" content=\"Gesch\u00e4tzte Lesezeit\" \/>\n\t<meta name=\"twitter:data1\" content=\"3\u00a0Minuten\" \/>\n<script type=\"application\/ld+json\" class=\"yoast-schema-graph\">{\"@context\":\"https:\\\/\\\/schema.org\",\"@graph\":[{\"@type\":\"WebPage\",\"@id\":\"https:\\\/\\\/christian-ruckdeschel.de\\\/index.php\\\/zur-person\\\/\",\"url\":\"https:\\\/\\\/christian-ruckdeschel.de\\\/index.php\\\/zur-person\\\/\",\"name\":\"Zur Person - christian-ruckdeschel.de\",\"isPartOf\":{\"@id\":\"https:\\\/\\\/christian-ruckdeschel.de\\\/#website\"},\"datePublished\":\"2017-10-13T12:29:37+00:00\",\"dateModified\":\"2026-04-09T20:10:08+00:00\",\"description\":\"Christian Ruckdeschel ist Bildhauer in Stein, Steinmetz, Maler, freischaffender K\u00fcnstler und Lehrbeauftragter f\u00fcr Steinbildhauerei an der Akademie der Bildenden K\u00fcnste N\u00fcrnberg\",\"breadcrumb\":{\"@id\":\"https:\\\/\\\/christian-ruckdeschel.de\\\/index.php\\\/zur-person\\\/#breadcrumb\"},\"inLanguage\":\"de\",\"potentialAction\":[{\"@type\":\"ReadAction\",\"target\":[\"https:\\\/\\\/christian-ruckdeschel.de\\\/index.php\\\/zur-person\\\/\"]}]},{\"@type\":\"BreadcrumbList\",\"@id\":\"https:\\\/\\\/christian-ruckdeschel.de\\\/index.php\\\/zur-person\\\/#breadcrumb\",\"itemListElement\":[{\"@type\":\"ListItem\",\"position\":1,\"name\":\"Start\",\"item\":\"https:\\\/\\\/christian-ruckdeschel.de\\\/\"},{\"@type\":\"ListItem\",\"position\":2,\"name\":\"Zur Person\"}]},{\"@type\":\"WebSite\",\"@id\":\"https:\\\/\\\/christian-ruckdeschel.de\\\/#website\",\"url\":\"https:\\\/\\\/christian-ruckdeschel.de\\\/\",\"name\":\"christian-ruckdeschel.de\",\"description\":\"\",\"potentialAction\":[{\"@type\":\"SearchAction\",\"target\":{\"@type\":\"EntryPoint\",\"urlTemplate\":\"https:\\\/\\\/christian-ruckdeschel.de\\\/?s={search_term_string}\"},\"query-input\":{\"@type\":\"PropertyValueSpecification\",\"valueRequired\":true,\"valueName\":\"search_term_string\"}}],\"inLanguage\":\"de\"}]}<\/script>\n<!-- \/ Yoast SEO plugin. -->","yoast_head_json":{"title":"Zur Person - christian-ruckdeschel.de","description":"Christian Ruckdeschel ist Bildhauer in Stein, Steinmetz, Maler, freischaffender K\u00fcnstler und Lehrbeauftragter f\u00fcr Steinbildhauerei an der Akademie der Bildenden K\u00fcnste N\u00fcrnberg","robots":{"index":"index","follow":"follow","max-snippet":"max-snippet:-1","max-image-preview":"max-image-preview:large","max-video-preview":"max-video-preview:-1"},"canonical":"https:\/\/christian-ruckdeschel.de\/index.php\/zur-person\/","og_locale":"de_DE","og_type":"article","og_title":"Zur Person - christian-ruckdeschel.de","og_description":"Christian Ruckdeschel ist Bildhauer in Stein, Steinmetz, Maler, freischaffender K\u00fcnstler und Lehrbeauftragter f\u00fcr Steinbildhauerei an der Akademie der Bildenden K\u00fcnste N\u00fcrnberg","og_url":"https:\/\/christian-ruckdeschel.de\/index.php\/zur-person\/","og_site_name":"christian-ruckdeschel.de","article_modified_time":"2026-04-09T20:10:08+00:00","twitter_card":"summary_large_image","twitter_misc":{"Gesch\u00e4tzte Lesezeit":"3\u00a0Minuten"},"schema":{"@context":"https:\/\/schema.org","@graph":[{"@type":"WebPage","@id":"https:\/\/christian-ruckdeschel.de\/index.php\/zur-person\/","url":"https:\/\/christian-ruckdeschel.de\/index.php\/zur-person\/","name":"Zur Person - christian-ruckdeschel.de","isPartOf":{"@id":"https:\/\/christian-ruckdeschel.de\/#website"},"datePublished":"2017-10-13T12:29:37+00:00","dateModified":"2026-04-09T20:10:08+00:00","description":"Christian Ruckdeschel ist Bildhauer in Stein, Steinmetz, Maler, freischaffender K\u00fcnstler und Lehrbeauftragter f\u00fcr Steinbildhauerei an der Akademie der Bildenden K\u00fcnste N\u00fcrnberg","breadcrumb":{"@id":"https:\/\/christian-ruckdeschel.de\/index.php\/zur-person\/#breadcrumb"},"inLanguage":"de","potentialAction":[{"@type":"ReadAction","target":["https:\/\/christian-ruckdeschel.de\/index.php\/zur-person\/"]}]},{"@type":"BreadcrumbList","@id":"https:\/\/christian-ruckdeschel.de\/index.php\/zur-person\/#breadcrumb","itemListElement":[{"@type":"ListItem","position":1,"name":"Start","item":"https:\/\/christian-ruckdeschel.de\/"},{"@type":"ListItem","position":2,"name":"Zur Person"}]},{"@type":"WebSite","@id":"https:\/\/christian-ruckdeschel.de\/#website","url":"https:\/\/christian-ruckdeschel.de\/","name":"christian-ruckdeschel.de","description":"","potentialAction":[{"@type":"SearchAction","target":{"@type":"EntryPoint","urlTemplate":"https:\/\/christian-ruckdeschel.de\/?s={search_term_string}"},"query-input":{"@type":"PropertyValueSpecification","valueRequired":true,"valueName":"search_term_string"}}],"inLanguage":"de"}]}},"_links":{"self":[{"href":"https:\/\/christian-ruckdeschel.de\/index.php\/wp-json\/wp\/v2\/pages\/12924","targetHints":{"allow":["GET"]}}],"collection":[{"href":"https:\/\/christian-ruckdeschel.de\/index.php\/wp-json\/wp\/v2\/pages"}],"about":[{"href":"https:\/\/christian-ruckdeschel.de\/index.php\/wp-json\/wp\/v2\/types\/page"}],"author":[{"embeddable":true,"href":"https:\/\/christian-ruckdeschel.de\/index.php\/wp-json\/wp\/v2\/users\/1"}],"replies":[{"embeddable":true,"href":"https:\/\/christian-ruckdeschel.de\/index.php\/wp-json\/wp\/v2\/comments?post=12924"}],"version-history":[{"count":34,"href":"https:\/\/christian-ruckdeschel.de\/index.php\/wp-json\/wp\/v2\/pages\/12924\/revisions"}],"predecessor-version":[{"id":13422,"href":"https:\/\/christian-ruckdeschel.de\/index.php\/wp-json\/wp\/v2\/pages\/12924\/revisions\/13422"}],"wp:attachment":[{"href":"https:\/\/christian-ruckdeschel.de\/index.php\/wp-json\/wp\/v2\/media?parent=12924"}],"curies":[{"name":"wp","href":"https:\/\/api.w.org\/{rel}","templated":true}]}}