{"id":13063,"date":"2017-08-09T12:17:09","date_gmt":"2017-08-09T12:17:09","guid":{"rendered":"http:\/\/demo09\/?page_id=6"},"modified":"2026-04-11T19:54:54","modified_gmt":"2026-04-11T19:54:54","slug":"home-demo-9","status":"publish","type":"page","link":"https:\/\/christian-ruckdeschel.de\/","title":{"rendered":"Christian Ruckdeschel"},"content":{"rendered":"<div class=\"wpb-content-wrapper\">[vc_row][vc_column width=&#8220;1\/2&#8243;][vc_empty_space height=&#8220;150px&#8220;]<div class=\"norebro-heading-sc heading text-left\"\n\tid=\"norebro-custom-69daac5cda755\" \n\t \n\t>\n\t\n\t\n\t\n\t<h3 class=\"title\">\n\t\tAusstellung vom 11.4. bis zum 10.5.2026\t<\/h3>\n\n\t\n\t\t\t<p class=\"subtitle\">\n\t\t\tBBK ON TOUR Kunsthaus R3 in Ansbach\t\t<\/p>\n\t\t\n<\/div><div class=\"norebro-text-sc \" \n\tid=\"norebro-custom-69daac5cda8dd\" \n\t \n\t>\n\n\t<p>Kunsthaus R3, Reitbahn 3, Ansbach<br \/>\nge\u00f6ffnet Mi-So 14-17 Uhr, Mi+Sa 10-13 Uhr<\/p>\n\t\n<\/div>[vc_empty_space height=&#8220;150px&#8220;][vc_empty_space height=&#8220;500px&#8220;][\/vc_column][\/vc_row]\n<\/div>","protected":false},"excerpt":{"rendered":"<p>[vc_row][vc_column width=&#8220;1\/2&#8243;][vc_empty_space height=&#8220;150px&#8220;][vc_empty_space height=&#8220;150px&#8220;][vc_empty_space height=&#8220;500px&#8220;][\/vc_column][\/vc_row]<\/p>\n","protected":false},"author":1,"featured_media":0,"parent":0,"menu_order":0,"comment_status":"closed","ping_status":"closed","template":"","meta":{"_acf_changed":false,"footnotes":""},"class_list":["post-13063","page","type-page","status-publish","hentry"],"acf":[],"yoast_head":"<!-- This site is optimized with the Yoast SEO plugin v27.3 - https:\/\/yoast.com\/product\/yoast-seo-wordpress\/ -->\n<title>Christian Ruckdeschel - christian-ruckdeschel.de<\/title>\n<meta name=\"description\" content=\"Christian Ruckdeschel ist Bildhauer, freischaffender K\u00fcnstler und Lehrbeauftragter f\u00fcr Bildhauerei an der Akademie der Bildenden K\u00fcnste N\u00fcrnberg.\" \/>\n<meta name=\"robots\" content=\"index, follow, max-snippet:-1, max-image-preview:large, max-video-preview:-1\" \/>\n<link rel=\"canonical\" href=\"https:\/\/christian-ruckdeschel.de\/\" \/>\n<meta property=\"og:locale\" content=\"de_DE\" \/>\n<meta property=\"og:type\" content=\"article\" \/>\n<meta property=\"og:title\" content=\"Christian Ruckdeschel - christian-ruckdeschel.de\" \/>\n<meta property=\"og:description\" content=\"Christian Ruckdeschel ist Bildhauer, freischaffender K\u00fcnstler und Lehrbeauftragter f\u00fcr Bildhauerei an der Akademie der Bildenden K\u00fcnste N\u00fcrnberg.\" \/>\n<meta property=\"og:url\" content=\"https:\/\/christian-ruckdeschel.de\/\" \/>\n<meta property=\"og:site_name\" content=\"christian-ruckdeschel.de\" \/>\n<meta property=\"article:modified_time\" content=\"2026-04-11T19:54:54+00:00\" \/>\n<meta name=\"twitter:card\" content=\"summary_large_image\" \/>\n<meta name=\"twitter:label1\" content=\"Gesch\u00e4tzte Lesezeit\" \/>\n\t<meta name=\"twitter:data1\" content=\"1\u00a0Minute\" \/>\n<script type=\"application\/ld+json\" class=\"yoast-schema-graph\">{\"@context\":\"https:\\\/\\\/schema.org\",\"@graph\":[{\"@type\":\"WebPage\",\"@id\":\"https:\\\/\\\/christian-ruckdeschel.de\\\/\",\"url\":\"https:\\\/\\\/christian-ruckdeschel.de\\\/\",\"name\":\"Christian Ruckdeschel - christian-ruckdeschel.de\",\"isPartOf\":{\"@id\":\"https:\\\/\\\/christian-ruckdeschel.de\\\/#website\"},\"datePublished\":\"2017-08-09T12:17:09+00:00\",\"dateModified\":\"2026-04-11T19:54:54+00:00\",\"description\":\"Christian Ruckdeschel ist Bildhauer, freischaffender K\u00fcnstler und Lehrbeauftragter f\u00fcr Bildhauerei an der Akademie der Bildenden K\u00fcnste N\u00fcrnberg.\",\"breadcrumb\":{\"@id\":\"https:\\\/\\\/christian-ruckdeschel.de\\\/#breadcrumb\"},\"inLanguage\":\"de\",\"potentialAction\":[{\"@type\":\"ReadAction\",\"target\":[\"https:\\\/\\\/christian-ruckdeschel.de\\\/\"]}]},{\"@type\":\"BreadcrumbList\",\"@id\":\"https:\\\/\\\/christian-ruckdeschel.de\\\/#breadcrumb\",\"itemListElement\":[{\"@type\":\"ListItem\",\"position\":1,\"name\":\"Start\",\"item\":\"https:\\\/\\\/christian-ruckdeschel.de\\\/\"},{\"@type\":\"ListItem\",\"position\":2,\"name\":\"Christian Ruckdeschel\"}]},{\"@type\":\"WebSite\",\"@id\":\"https:\\\/\\\/christian-ruckdeschel.de\\\/#website\",\"url\":\"https:\\\/\\\/christian-ruckdeschel.de\\\/\",\"name\":\"christian-ruckdeschel.de\",\"description\":\"\",\"potentialAction\":[{\"@type\":\"SearchAction\",\"target\":{\"@type\":\"EntryPoint\",\"urlTemplate\":\"https:\\\/\\\/christian-ruckdeschel.de\\\/?s={search_term_string}\"},\"query-input\":{\"@type\":\"PropertyValueSpecification\",\"valueRequired\":true,\"valueName\":\"search_term_string\"}}],\"inLanguage\":\"de\"}]}<\/script>\n<!-- \/ Yoast SEO plugin. -->","yoast_head_json":{"title":"Christian Ruckdeschel - christian-ruckdeschel.de","description":"Christian Ruckdeschel ist Bildhauer, freischaffender K\u00fcnstler und Lehrbeauftragter f\u00fcr Bildhauerei an der Akademie der Bildenden K\u00fcnste N\u00fcrnberg.","robots":{"index":"index","follow":"follow","max-snippet":"max-snippet:-1","max-image-preview":"max-image-preview:large","max-video-preview":"max-video-preview:-1"},"canonical":"https:\/\/christian-ruckdeschel.de\/","og_locale":"de_DE","og_type":"article","og_title":"Christian Ruckdeschel - christian-ruckdeschel.de","og_description":"Christian Ruckdeschel ist Bildhauer, freischaffender K\u00fcnstler und Lehrbeauftragter f\u00fcr Bildhauerei an der Akademie der Bildenden K\u00fcnste N\u00fcrnberg.","og_url":"https:\/\/christian-ruckdeschel.de\/","og_site_name":"christian-ruckdeschel.de","article_modified_time":"2026-04-11T19:54:54+00:00","twitter_card":"summary_large_image","twitter_misc":{"Gesch\u00e4tzte Lesezeit":"1\u00a0Minute"},"schema":{"@context":"https:\/\/schema.org","@graph":[{"@type":"WebPage","@id":"https:\/\/christian-ruckdeschel.de\/","url":"https:\/\/christian-ruckdeschel.de\/","name":"Christian Ruckdeschel - christian-ruckdeschel.de","isPartOf":{"@id":"https:\/\/christian-ruckdeschel.de\/#website"},"datePublished":"2017-08-09T12:17:09+00:00","dateModified":"2026-04-11T19:54:54+00:00","description":"Christian Ruckdeschel ist Bildhauer, freischaffender K\u00fcnstler und Lehrbeauftragter f\u00fcr Bildhauerei an der Akademie der Bildenden K\u00fcnste N\u00fcrnberg.","breadcrumb":{"@id":"https:\/\/christian-ruckdeschel.de\/#breadcrumb"},"inLanguage":"de","potentialAction":[{"@type":"ReadAction","target":["https:\/\/christian-ruckdeschel.de\/"]}]},{"@type":"BreadcrumbList","@id":"https:\/\/christian-ruckdeschel.de\/#breadcrumb","itemListElement":[{"@type":"ListItem","position":1,"name":"Start","item":"https:\/\/christian-ruckdeschel.de\/"},{"@type":"ListItem","position":2,"name":"Christian Ruckdeschel"}]},{"@type":"WebSite","@id":"https:\/\/christian-ruckdeschel.de\/#website","url":"https:\/\/christian-ruckdeschel.de\/","name":"christian-ruckdeschel.de","description":"","potentialAction":[{"@type":"SearchAction","target":{"@type":"EntryPoint","urlTemplate":"https:\/\/christian-ruckdeschel.de\/?s={search_term_string}"},"query-input":{"@type":"PropertyValueSpecification","valueRequired":true,"valueName":"search_term_string"}}],"inLanguage":"de"}]}},"_links":{"self":[{"href":"https:\/\/christian-ruckdeschel.de\/index.php\/wp-json\/wp\/v2\/pages\/13063","targetHints":{"allow":["GET"]}}],"collection":[{"href":"https:\/\/christian-ruckdeschel.de\/index.php\/wp-json\/wp\/v2\/pages"}],"about":[{"href":"https:\/\/christian-ruckdeschel.de\/index.php\/wp-json\/wp\/v2\/types\/page"}],"author":[{"embeddable":true,"href":"https:\/\/christian-ruckdeschel.de\/index.php\/wp-json\/wp\/v2\/users\/1"}],"replies":[{"embeddable":true,"href":"https:\/\/christian-ruckdeschel.de\/index.php\/wp-json\/wp\/v2\/comments?post=13063"}],"version-history":[{"count":39,"href":"https:\/\/christian-ruckdeschel.de\/index.php\/wp-json\/wp\/v2\/pages\/13063\/revisions"}],"predecessor-version":[{"id":13452,"href":"https:\/\/christian-ruckdeschel.de\/index.php\/wp-json\/wp\/v2\/pages\/13063\/revisions\/13452"}],"wp:attachment":[{"href":"https:\/\/christian-ruckdeschel.de\/index.php\/wp-json\/wp\/v2\/media?parent=13063"}],"curies":[{"name":"wp","href":"https:\/\/api.w.org\/{rel}","templated":true}]}}