{"id":13091,"date":"2026-02-18T11:31:49","date_gmt":"2026-02-18T11:31:49","guid":{"rendered":"https:\/\/christian-ruckdeschel.de\/?page_id=13091"},"modified":"2026-04-09T20:52:29","modified_gmt":"2026-04-09T20:52:29","slug":"kunst-im-oeffentlichen-raum","status":"publish","type":"page","link":"https:\/\/christian-ruckdeschel.de\/index.php\/kunst-im-oeffentlichen-raum\/","title":{"rendered":"Kunst im \u00f6ffentlichen Raum"},"content":{"rendered":"<div class=\"wpb-content-wrapper\">[vc_row][vc_column width=&#8220;2\/3&#8243;][vc_empty_space height=&#8220;100px&#8220;]<div class=\"norebro-heading-sc heading text-left\"\n\tid=\"norebro-custom-69e0237e3bf50\" \n\t \n\t>\n\t\n\t\n\t\n\t<h3 class=\"title\">\n\t\t\"pinball wiszards\"\t<\/h3>\n\n\t\n\t\t\t<p class=\"subtitle\">\n\t\t\tRegensburger Viertel, N\u00fcrnberg\t\t<\/p>\n\t\t\n<\/div>[vc_empty_space][vc_single_image image=&#8220;13423&#8243; img_size=&#8220;full&#8220; add_caption=&#8220;yes&#8220; alignment=&#8220;center&#8220; onclick=&#8220;link_image&#8220; css=&#8220;&#8220;][\/vc_column][vc_column width=&#8220;1\/3&#8243;][vc_empty_space height=&#8220;178px&#8220;][vc_video link=&#8220;https:\/\/www.youtube.com\/watch?v=I89XZpRXtDo&#8220; align=&#8220;center&#8220; css=&#8220;&#8220;][\/vc_column][\/vc_row][vc_row][vc_column][vc_empty_space height=&#8220;100px&#8220;]<div class=\"norebro-testimonial-sc testimonials \" \n\tid=\"norebro-custom-69e0237e3c091\"\n\t \n\t>\n\t\n\t\n\t<blockquote>\n\t\tDiese Seite befindet sich im Aufbau - schauen Sie bald wieder vorbei!\t<\/blockquote>\n\n\t\n\t<h4 class=\"title\">\u2014 <\/h4>\n\t<p class=\"subtitle small\">\n\t\t\t<\/p>\n\n<\/div>[\/vc_column][\/vc_row]\n<\/div>","protected":false},"excerpt":{"rendered":"<p>[vc_row][vc_column width=&#8220;2\/3&#8243;][vc_empty_space height=&#8220;100px&#8220;][vc_empty_space][vc_single_image image=&#8220;13423&#8243; img_size=&#8220;full&#8220; add_caption=&#8220;yes&#8220; alignment=&#8220;center&#8220; onclick=&#8220;link_image&#8220; css=&#8220;&#8220;][\/vc_column][vc_column width=&#8220;1\/3&#8243;][vc_empty_space height=&#8220;178px&#8220;][vc_video link=&#8220;https:\/\/www.youtube.com\/watch?v=I89XZpRXtDo&#8220; align=&#8220;center&#8220; css=&#8220;&#8220;][\/vc_column][\/vc_row][vc_row][vc_column][vc_empty_space&#8230;<\/p>\n","protected":false},"author":1,"featured_media":0,"parent":0,"menu_order":0,"comment_status":"closed","ping_status":"closed","template":"","meta":{"_acf_changed":false,"footnotes":""},"class_list":["post-13091","page","type-page","status-publish","hentry"],"acf":[],"yoast_head":"<!-- This site is optimized with the Yoast SEO plugin v27.3 - https:\/\/yoast.com\/product\/yoast-seo-wordpress\/ -->\n<title>Kunst im \u00f6ffentlichen Raum - christian-ruckdeschel.de<\/title>\n<meta name=\"description\" content=\"Christian Ruckdeschel ist Bildhauer, freischaffender K\u00fcnstler und Lehrbeauftragter f\u00fcr Bildhauerei an der Akademie der Bildenden K\u00fcnste in N\u00fcrnberg.\" \/>\n<meta name=\"robots\" content=\"index, follow, max-snippet:-1, max-image-preview:large, max-video-preview:-1\" \/>\n<link rel=\"canonical\" href=\"https:\/\/christian-ruckdeschel.de\/index.php\/kunst-im-oeffentlichen-raum\/\" \/>\n<meta property=\"og:locale\" content=\"de_DE\" \/>\n<meta property=\"og:type\" content=\"article\" \/>\n<meta property=\"og:title\" content=\"Kunst im \u00f6ffentlichen Raum - christian-ruckdeschel.de\" \/>\n<meta property=\"og:description\" content=\"Christian Ruckdeschel ist Bildhauer, freischaffender K\u00fcnstler und Lehrbeauftragter f\u00fcr Bildhauerei an der Akademie der Bildenden K\u00fcnste in N\u00fcrnberg.\" \/>\n<meta property=\"og:url\" content=\"https:\/\/christian-ruckdeschel.de\/index.php\/kunst-im-oeffentlichen-raum\/\" \/>\n<meta property=\"og:site_name\" content=\"christian-ruckdeschel.de\" \/>\n<meta property=\"article:modified_time\" content=\"2026-04-09T20:52:29+00:00\" \/>\n<meta name=\"twitter:card\" content=\"summary_large_image\" \/>\n<meta name=\"twitter:label1\" content=\"Gesch\u00e4tzte Lesezeit\" \/>\n\t<meta name=\"twitter:data1\" content=\"2\u00a0Minuten\" \/>\n<script type=\"application\/ld+json\" class=\"yoast-schema-graph\">{\"@context\":\"https:\\\/\\\/schema.org\",\"@graph\":[{\"@type\":\"WebPage\",\"@id\":\"https:\\\/\\\/christian-ruckdeschel.de\\\/index.php\\\/kunst-im-oeffentlichen-raum\\\/\",\"url\":\"https:\\\/\\\/christian-ruckdeschel.de\\\/index.php\\\/kunst-im-oeffentlichen-raum\\\/\",\"name\":\"Kunst im \u00f6ffentlichen Raum - christian-ruckdeschel.de\",\"isPartOf\":{\"@id\":\"https:\\\/\\\/christian-ruckdeschel.de\\\/#website\"},\"datePublished\":\"2026-02-18T11:31:49+00:00\",\"dateModified\":\"2026-04-09T20:52:29+00:00\",\"description\":\"Christian Ruckdeschel ist Bildhauer, freischaffender K\u00fcnstler und Lehrbeauftragter f\u00fcr Bildhauerei an der Akademie der Bildenden K\u00fcnste in N\u00fcrnberg.\",\"breadcrumb\":{\"@id\":\"https:\\\/\\\/christian-ruckdeschel.de\\\/index.php\\\/kunst-im-oeffentlichen-raum\\\/#breadcrumb\"},\"inLanguage\":\"de\",\"potentialAction\":[{\"@type\":\"ReadAction\",\"target\":[\"https:\\\/\\\/christian-ruckdeschel.de\\\/index.php\\\/kunst-im-oeffentlichen-raum\\\/\"]}]},{\"@type\":\"BreadcrumbList\",\"@id\":\"https:\\\/\\\/christian-ruckdeschel.de\\\/index.php\\\/kunst-im-oeffentlichen-raum\\\/#breadcrumb\",\"itemListElement\":[{\"@type\":\"ListItem\",\"position\":1,\"name\":\"Start\",\"item\":\"https:\\\/\\\/christian-ruckdeschel.de\\\/\"},{\"@type\":\"ListItem\",\"position\":2,\"name\":\"Kunst im \u00f6ffentlichen Raum\"}]},{\"@type\":\"WebSite\",\"@id\":\"https:\\\/\\\/christian-ruckdeschel.de\\\/#website\",\"url\":\"https:\\\/\\\/christian-ruckdeschel.de\\\/\",\"name\":\"christian-ruckdeschel.de\",\"description\":\"\",\"potentialAction\":[{\"@type\":\"SearchAction\",\"target\":{\"@type\":\"EntryPoint\",\"urlTemplate\":\"https:\\\/\\\/christian-ruckdeschel.de\\\/?s={search_term_string}\"},\"query-input\":{\"@type\":\"PropertyValueSpecification\",\"valueRequired\":true,\"valueName\":\"search_term_string\"}}],\"inLanguage\":\"de\"}]}<\/script>\n<!-- \/ Yoast SEO plugin. -->","yoast_head_json":{"title":"Kunst im \u00f6ffentlichen Raum - christian-ruckdeschel.de","description":"Christian Ruckdeschel ist Bildhauer, freischaffender K\u00fcnstler und Lehrbeauftragter f\u00fcr Bildhauerei an der Akademie der Bildenden K\u00fcnste in N\u00fcrnberg.","robots":{"index":"index","follow":"follow","max-snippet":"max-snippet:-1","max-image-preview":"max-image-preview:large","max-video-preview":"max-video-preview:-1"},"canonical":"https:\/\/christian-ruckdeschel.de\/index.php\/kunst-im-oeffentlichen-raum\/","og_locale":"de_DE","og_type":"article","og_title":"Kunst im \u00f6ffentlichen Raum - christian-ruckdeschel.de","og_description":"Christian Ruckdeschel ist Bildhauer, freischaffender K\u00fcnstler und Lehrbeauftragter f\u00fcr Bildhauerei an der Akademie der Bildenden K\u00fcnste in N\u00fcrnberg.","og_url":"https:\/\/christian-ruckdeschel.de\/index.php\/kunst-im-oeffentlichen-raum\/","og_site_name":"christian-ruckdeschel.de","article_modified_time":"2026-04-09T20:52:29+00:00","twitter_card":"summary_large_image","twitter_misc":{"Gesch\u00e4tzte Lesezeit":"2\u00a0Minuten"},"schema":{"@context":"https:\/\/schema.org","@graph":[{"@type":"WebPage","@id":"https:\/\/christian-ruckdeschel.de\/index.php\/kunst-im-oeffentlichen-raum\/","url":"https:\/\/christian-ruckdeschel.de\/index.php\/kunst-im-oeffentlichen-raum\/","name":"Kunst im \u00f6ffentlichen Raum - christian-ruckdeschel.de","isPartOf":{"@id":"https:\/\/christian-ruckdeschel.de\/#website"},"datePublished":"2026-02-18T11:31:49+00:00","dateModified":"2026-04-09T20:52:29+00:00","description":"Christian Ruckdeschel ist Bildhauer, freischaffender K\u00fcnstler und Lehrbeauftragter f\u00fcr Bildhauerei an der Akademie der Bildenden K\u00fcnste in N\u00fcrnberg.","breadcrumb":{"@id":"https:\/\/christian-ruckdeschel.de\/index.php\/kunst-im-oeffentlichen-raum\/#breadcrumb"},"inLanguage":"de","potentialAction":[{"@type":"ReadAction","target":["https:\/\/christian-ruckdeschel.de\/index.php\/kunst-im-oeffentlichen-raum\/"]}]},{"@type":"BreadcrumbList","@id":"https:\/\/christian-ruckdeschel.de\/index.php\/kunst-im-oeffentlichen-raum\/#breadcrumb","itemListElement":[{"@type":"ListItem","position":1,"name":"Start","item":"https:\/\/christian-ruckdeschel.de\/"},{"@type":"ListItem","position":2,"name":"Kunst im \u00f6ffentlichen Raum"}]},{"@type":"WebSite","@id":"https:\/\/christian-ruckdeschel.de\/#website","url":"https:\/\/christian-ruckdeschel.de\/","name":"christian-ruckdeschel.de","description":"","potentialAction":[{"@type":"SearchAction","target":{"@type":"EntryPoint","urlTemplate":"https:\/\/christian-ruckdeschel.de\/?s={search_term_string}"},"query-input":{"@type":"PropertyValueSpecification","valueRequired":true,"valueName":"search_term_string"}}],"inLanguage":"de"}]}},"_links":{"self":[{"href":"https:\/\/christian-ruckdeschel.de\/index.php\/wp-json\/wp\/v2\/pages\/13091","targetHints":{"allow":["GET"]}}],"collection":[{"href":"https:\/\/christian-ruckdeschel.de\/index.php\/wp-json\/wp\/v2\/pages"}],"about":[{"href":"https:\/\/christian-ruckdeschel.de\/index.php\/wp-json\/wp\/v2\/types\/page"}],"author":[{"embeddable":true,"href":"https:\/\/christian-ruckdeschel.de\/index.php\/wp-json\/wp\/v2\/users\/1"}],"replies":[{"embeddable":true,"href":"https:\/\/christian-ruckdeschel.de\/index.php\/wp-json\/wp\/v2\/comments?post=13091"}],"version-history":[{"count":32,"href":"https:\/\/christian-ruckdeschel.de\/index.php\/wp-json\/wp\/v2\/pages\/13091\/revisions"}],"predecessor-version":[{"id":13434,"href":"https:\/\/christian-ruckdeschel.de\/index.php\/wp-json\/wp\/v2\/pages\/13091\/revisions\/13434"}],"wp:attachment":[{"href":"https:\/\/christian-ruckdeschel.de\/index.php\/wp-json\/wp\/v2\/media?parent=13091"}],"curies":[{"name":"wp","href":"https:\/\/api.w.org\/{rel}","templated":true}]}}